{"id":2327,"date":"2025-08-05T13:13:59","date_gmt":"2025-08-05T11:13:59","guid":{"rendered":"https:\/\/valentindinges.de\/?page_id=2327"},"modified":"2025-08-05T13:24:49","modified_gmt":"2025-08-05T11:24:49","slug":"agb","status":"publish","type":"page","link":"https:\/\/valentindinges.de\/en\/agb\/","title":{"rendered":"GTC"},"content":{"rendered":"<div data-elementor-type=\"wp-page\" data-elementor-id=\"2327\" class=\"elementor elementor-2327\" data-elementor-post-type=\"page\">\n\t\t\t\t<div data-particle_enable=\"false\" data-particle-mobile-disabled=\"false\" class=\"elementor-element elementor-element-448e0353 e-flex e-con-boxed e-con e-parent\" data-id=\"448e0353\" data-element_type=\"container\" data-settings=\"{&quot;background_background&quot;:&quot;classic&quot;}\">\n\t\t\t\t\t<div class=\"e-con-inner\">\n\t\t\t\t<div class=\"elementor-element elementor-element-5fe7744a elementor-widget elementor-widget-spacer\" data-id=\"5fe7744a\" data-element_type=\"widget\" data-widget_type=\"spacer.default\">\n\t\t\t\t<div class=\"elementor-widget-container\">\n\t\t\t\t\t\t\t<div class=\"elementor-spacer\">\n\t\t\t<div class=\"elementor-spacer-inner\"><\/div>\n\t\t<\/div>\n\t\t\t\t\t\t<\/div>\n\t\t\t\t<\/div>\n\t\t\t\t<div class=\"elementor-element elementor-element-526b5e21 elementor-widget elementor-widget-heading\" data-id=\"526b5e21\" data-element_type=\"widget\" data-widget_type=\"heading.default\">\n\t\t\t\t<div class=\"elementor-widget-container\">\n\t\t\t\t\t<h1 class=\"elementor-heading-title elementor-size-default\">GTC<\/h1>\t\t\t\t<\/div>\n\t\t\t\t<\/div>\n\t\t\t\t<div class=\"elementor-element elementor-element-44244992 elementor-widget elementor-widget-spacer\" data-id=\"44244992\" data-element_type=\"widget\" data-widget_type=\"spacer.default\">\n\t\t\t\t<div class=\"elementor-widget-container\">\n\t\t\t\t\t\t\t<div class=\"elementor-spacer\">\n\t\t\t<div class=\"elementor-spacer-inner\"><\/div>\n\t\t<\/div>\n\t\t\t\t\t\t<\/div>\n\t\t\t\t<\/div>\n\t\t\t\t\t<\/div>\n\t\t\t\t<\/div>\n\t\t<div data-particle_enable=\"false\" data-particle-mobile-disabled=\"false\" class=\"elementor-element elementor-element-2754255 e-flex e-con-boxed e-con e-parent\" data-id=\"2754255\" data-element_type=\"container\" data-settings=\"{&quot;background_background&quot;:&quot;classic&quot;}\">\n\t\t\t\t\t<div class=\"e-con-inner\">\n\t\t\t\t<div class=\"elementor-element elementor-element-40e2341 elementor-widget elementor-widget-spacer\" data-id=\"40e2341\" data-element_type=\"widget\" data-widget_type=\"spacer.default\">\n\t\t\t\t<div class=\"elementor-widget-container\">\n\t\t\t\t\t\t\t<div class=\"elementor-spacer\">\n\t\t\t<div class=\"elementor-spacer-inner\"><\/div>\n\t\t<\/div>\n\t\t\t\t\t\t<\/div>\n\t\t\t\t<\/div>\n\t\t\t\t<div class=\"elementor-element elementor-element-7267f8f elementor-widget__width-initial elementor-widget elementor-widget-text-editor\" data-id=\"7267f8f\" data-element_type=\"widget\" data-widget_type=\"text-editor.default\">\n\t\t\t\t<div class=\"elementor-widget-container\">\n\t\t\t\t\t\t\t\t\t<ol>\n<li><strong> Scope of application <\/strong><br \/>The following General Terms and Conditions govern the relationship between participants in courses, training seminars and group coaching sessions and Valentin Dinges (hereinafter referred to as 'the Provider'). In addition, special terms and conditions may apply to individual offers, which are specified in the respective offers. In particular, the conditions for individual coaching sessions shall be agreed separately. Deviating general terms and conditions or conditions of participation shall not apply.<\/li>\n<li><strong> Registrations<\/strong><br \/>Registration for the individual events is required. Registration constitutes acceptance of the terms and conditions. Participants can register online via the homepage at www.valentindinges.de. Registration is binding. Participants will be sent a confirmation of registration.<br \/>The provider will notify participants if the event is full or canceled.<br \/>If the maximum number of participants is exceeded, registrations will be considered in the order in which they are received.<\/li>\n<li><strong> Participation costs<\/strong><br \/>Costs are charged for participation in events (see event description). The costs must be credited to the provider's account no later than 14 days after receipt of the invoice.<br \/>Payment of the participation fees can be made by bank transfer. <br \/>If an event does not take place, the course fee will be refunded. There are no further claims. Non-attendance of individual or all course units does not entitle the participant to a reduction or refund of the costs. In the event of late payment, the provider reserves the right to exclude participants from participation.<br \/>The payment modalities for training courses over a longer period of time and for individual coaching sessions can be found in the respective separate invitations to tender.<\/li>\n<li><strong> Resignation<\/strong><br \/>As this offer is a service that is provided at a specific point in time, there is no right of withdrawal in accordance with Section 312g (2) No. 9 BGB. By booking, you expressly agree that the contract becomes binding when the appointment is made.<br \/>Withdrawal must be made in text form by email, fax or letter. Decisive for the timeliness of the withdrawal is the receipt of the declaration of withdrawal by the provider.<br \/>We need to be able to rely on registered participants to show up, because booked places cannot always be reallocated. This sometimes results in a financial loss on our part.<br \/>The following applies to group coaching sessions and healing circles:<br \/>Cancellation is possible free of charge up to 48 hours before the start of the event. After that, the full participation fee is due - even in the event of no-show.<br \/>The following applies to courses and workshops:<br \/>In the event of withdrawal up to 2 weeks before the start, a processing fee of 25% of the invoice amount will be charged; up to 1 week before the start, 50% of the participation fee will be charged. In the event of later withdrawal, participants are obliged to pay the full participation fee.<br \/>Non-participation without withdrawal or partial participation in the offers shall result in payment of the full fee. If the withdrawal is not made in due time, it is at the discretion of the provider to release the participants from the obligation to pay the full fee if the person withdrawing provides a replacement person or if the provider can recruit participants from the waiting list.<br \/>Coaching courses have separate cancellation conditions, which can be found in the separate invitation to tender.<\/li>\n<li><strong> Implementation<\/strong><br \/>The organization of an event is tied to a number of participants set by the provider. If there are not enough registrations, the event may be canceled. Any costs already paid will be refunded in accordance with section 3. Any further claims for damages are excluded. <br \/>The provider reserves the right to change speakers\/venue at short notice. Participants shall not be entitled to a reduction or reimbursement of participation costs as a result of a change of speaker or venue.<br \/>The lecturer exercises domiciliary rights during the respective event. Participants who intentionally or through gross negligence violate the event discipline or whose behavior jeopardizes the success of the event may be excluded from further participation in the event. In this case, there is no entitlement to a reduction or reimbursement of participation costs.<\/li>\n<li><strong> Liability<\/strong><br \/>The provider is not liable for damages, in particular those resulting from accidents, damage, loss or theft, incurred by participants as a result of participation in or in connection with the events, training courses or coaching sessions offered, unless the damage was caused intentionally or through gross negligence on the part of the provider. <br \/>Sovereign measures, natural disasters, traffic disruptions, disruptions in the supply of energy and raw materials, illness of the speaker and other cases of force majeure, i.e. extraordinary events for which the provider is not responsible, shall release the provider from the obligation to fulfill the contract for the duration of their effectiveness. In these cases, the provider is not obliged to pay compensation, in particular not to reimburse travel and accommodation costs or loss of working hours. <br \/>In the event of illness of the lecturer, the provider shall endeavor to provide a replacement lecturer or offer the opportunity to make up the missed dates, unless this could only be guaranteed with disproportionate effort.<\/li>\n<li><strong> Data storage<\/strong><br \/>The participants consent to the processing of their data for business purposes. The above applies as notification in accordance with Section 13 of the General Data Protection Regulation (GDPR).<br \/>The data collected will not be passed on to uninvolved third parties.<\/li>\n<li><strong> Severability clause<\/strong><br \/>Should individual provisions be wholly or partially invalid or not become part of the contract, the remainder of the contract shall remain valid (Section 306 (1) BGB). The wholly or partially invalid or not included provision shall be replaced by the statutory provision (Section 306 (2) BGB).<\/li>\n<\/ol>\t\t\t\t\t\t\t\t<\/div>\n\t\t\t\t<\/div>\n\t\t\t\t<div class=\"elementor-element elementor-element-1bee840 elementor-widget elementor-widget-spacer\" data-id=\"1bee840\" data-element_type=\"widget\" data-widget_type=\"spacer.default\">\n\t\t\t\t<div class=\"elementor-widget-container\">\n\t\t\t\t\t\t\t<div class=\"elementor-spacer\">\n\t\t\t<div class=\"elementor-spacer-inner\"><\/div>\n\t\t<\/div>\n\t\t\t\t\t\t<\/div>\n\t\t\t\t<\/div>\n\t\t\t\t\t<\/div>\n\t\t\t\t<\/div>\n\t\t\t\t<\/div>","protected":false},"excerpt":{"rendered":"<p>AGB Geltungsbereich Die folgenden Allgemeinen Gesch\u00e4ftsbedingungen regeln das Verh\u00e4ltnis zwischen TeilnehmerInnen an Kursen, Fortbildungsseminaren sowie Gruppencoachings und Valentin Dinges (im Folgenden &#8218;der Anbieter&#8216;). Zus\u00e4tzlich k\u00f6nnen f\u00fcr einzelne Angebote besondere Bedingungen ma\u00dfgeblich sein, die in den jeweiligen Angeboten ausgewiesen sind. Insbesondere die Bedingungen f\u00fcr Einzelcoachings werden gesondert vereinbart. Abweichende Allgemeine Gesch\u00e4fts- oder Teilnahmebedingungen haben keine G\u00fcltigkeit. [&hellip;]<\/p>","protected":false},"author":1,"featured_media":0,"parent":0,"menu_order":0,"comment_status":"closed","ping_status":"closed","template":"","meta":{"footnotes":""},"class_list":["post-2327","page","type-page","status-publish","hentry"],"yoast_head":"<!-- This site is optimized with the Yoast SEO Premium plugin v23.3 (Yoast SEO v23.3) - https:\/\/yoast.com\/wordpress\/plugins\/seo\/ -->\n<title>AGB - Valentin Dinges<\/title>\n<meta name=\"robots\" content=\"index, follow, max-snippet:-1, max-image-preview:large, max-video-preview:-1\" \/>\n<link rel=\"canonical\" href=\"https:\/\/valentindinges.de\/en\/agb\/\" \/>\n<meta property=\"og:locale\" content=\"en_US\" \/>\n<meta property=\"og:type\" content=\"article\" \/>\n<meta property=\"og:title\" content=\"AGB\" \/>\n<meta property=\"og:description\" content=\"AGB Geltungsbereich Die folgenden Allgemeinen Gesch\u00e4ftsbedingungen regeln das Verh\u00e4ltnis zwischen TeilnehmerInnen an Kursen, Fortbildungsseminaren sowie Gruppencoachings und Valentin Dinges (im Folgenden &#8218;der Anbieter&#8216;). Zus\u00e4tzlich k\u00f6nnen f\u00fcr einzelne Angebote besondere Bedingungen ma\u00dfgeblich sein, die in den jeweiligen Angeboten ausgewiesen sind. Insbesondere die Bedingungen f\u00fcr Einzelcoachings werden gesondert vereinbart. Abweichende Allgemeine Gesch\u00e4fts- oder Teilnahmebedingungen haben keine G\u00fcltigkeit. [&hellip;]\" \/>\n<meta property=\"og:url\" content=\"https:\/\/valentindinges.de\/en\/agb\/\" \/>\n<meta property=\"og:site_name\" content=\"Valentin Dinges\" \/>\n<meta property=\"article:modified_time\" content=\"2025-08-05T11:24:49+00:00\" \/>\n<meta property=\"og:image\" content=\"https:\/\/valentindinges.de\/wp-content\/uploads\/2024\/09\/geborgenheit-1.png\" \/>\n\t<meta property=\"og:image:width\" content=\"758\" \/>\n\t<meta property=\"og:image:height\" content=\"700\" \/>\n\t<meta property=\"og:image:type\" content=\"image\/png\" \/>\n<meta name=\"twitter:card\" content=\"summary_large_image\" \/>\n<meta name=\"twitter:label1\" content=\"Est. reading time\" \/>\n\t<meta name=\"twitter:data1\" content=\"5 minutes\" \/>\n<script type=\"application\/ld+json\" class=\"yoast-schema-graph\">{\"@context\":\"https:\/\/schema.org\",\"@graph\":[{\"@type\":\"WebPage\",\"@id\":\"https:\/\/valentindinges.de\/agb\/\",\"url\":\"https:\/\/valentindinges.de\/agb\/\",\"name\":\"AGB - Valentin Dinges\",\"isPartOf\":{\"@id\":\"https:\/\/valentindinges.de\/#website\"},\"datePublished\":\"2025-08-05T11:13:59+00:00\",\"dateModified\":\"2025-08-05T11:24:49+00:00\",\"breadcrumb\":{\"@id\":\"https:\/\/valentindinges.de\/agb\/#breadcrumb\"},\"inLanguage\":\"en-US\",\"potentialAction\":[{\"@type\":\"ReadAction\",\"target\":[\"https:\/\/valentindinges.de\/agb\/\"]}]},{\"@type\":\"BreadcrumbList\",\"@id\":\"https:\/\/valentindinges.de\/agb\/#breadcrumb\",\"itemListElement\":[{\"@type\":\"ListItem\",\"position\":1,\"name\":\"Startseite\",\"item\":\"https:\/\/valentindinges.de\/\"},{\"@type\":\"ListItem\",\"position\":2,\"name\":\"AGB\"}]},{\"@type\":\"WebSite\",\"@id\":\"https:\/\/valentindinges.de\/#website\",\"url\":\"https:\/\/valentindinges.de\/\",\"name\":\"Valentin Dinges | Innere-Kind-Arbeit\",\"description\":\"Inneres Kind Coaching in Aachen &amp; Online\",\"publisher\":{\"@id\":\"https:\/\/valentindinges.de\/#\/schema\/person\/5fb03f208ed5b78cd6109de54fe8505f\"},\"alternateName\":\"Inneres Kind Coaching Aachen & Online\",\"potentialAction\":[{\"@type\":\"SearchAction\",\"target\":{\"@type\":\"EntryPoint\",\"urlTemplate\":\"https:\/\/valentindinges.de\/?s={search_term_string}\"},\"query-input\":\"required name=search_term_string\"}],\"inLanguage\":\"en-US\"},{\"@type\":[\"Person\",\"Organization\"],\"@id\":\"https:\/\/valentindinges.de\/#\/schema\/person\/5fb03f208ed5b78cd6109de54fe8505f\",\"name\":\"Valentin Dinges\",\"image\":{\"@type\":\"ImageObject\",\"inLanguage\":\"en-US\",\"@id\":\"https:\/\/valentindinges.de\/#\/schema\/person\/image\/\",\"url\":\"https:\/\/valentindinges.de\/wp-content\/uploads\/2025\/01\/LOGO-VALENTIN-DINGES-500-x-500-px.svg\",\"contentUrl\":\"https:\/\/valentindinges.de\/wp-content\/uploads\/2025\/01\/LOGO-VALENTIN-DINGES-500-x-500-px.svg\",\"width\":375,\"height\":374,\"caption\":\"Valentin Dinges\"},\"logo\":{\"@id\":\"https:\/\/valentindinges.de\/#\/schema\/person\/image\/\"},\"sameAs\":[\"http:\/\/valentindinges.de\"]}]}<\/script>\n<!-- \/ Yoast SEO Premium plugin. -->","yoast_head_json":{"title":"AGB - Valentin Dinges","robots":{"index":"index","follow":"follow","max-snippet":"max-snippet:-1","max-image-preview":"max-image-preview:large","max-video-preview":"max-video-preview:-1"},"canonical":"https:\/\/valentindinges.de\/en\/agb\/","og_locale":"en_US","og_type":"article","og_title":"AGB","og_description":"AGB Geltungsbereich Die folgenden Allgemeinen Gesch\u00e4ftsbedingungen regeln das Verh\u00e4ltnis zwischen TeilnehmerInnen an Kursen, Fortbildungsseminaren sowie Gruppencoachings und Valentin Dinges (im Folgenden &#8218;der Anbieter&#8216;). Zus\u00e4tzlich k\u00f6nnen f\u00fcr einzelne Angebote besondere Bedingungen ma\u00dfgeblich sein, die in den jeweiligen Angeboten ausgewiesen sind. Insbesondere die Bedingungen f\u00fcr Einzelcoachings werden gesondert vereinbart. Abweichende Allgemeine Gesch\u00e4fts- oder Teilnahmebedingungen haben keine G\u00fcltigkeit. [&hellip;]","og_url":"https:\/\/valentindinges.de\/en\/agb\/","og_site_name":"Valentin Dinges","article_modified_time":"2025-08-05T11:24:49+00:00","og_image":[{"width":758,"height":700,"url":"https:\/\/valentindinges.de\/wp-content\/uploads\/2024\/09\/geborgenheit-1.png","type":"image\/png"}],"twitter_card":"summary_large_image","twitter_misc":{"Est. reading time":"5 minutes"},"schema":{"@context":"https:\/\/schema.org","@graph":[{"@type":"WebPage","@id":"https:\/\/valentindinges.de\/agb\/","url":"https:\/\/valentindinges.de\/agb\/","name":"AGB - Valentin Dinges","isPartOf":{"@id":"https:\/\/valentindinges.de\/#website"},"datePublished":"2025-08-05T11:13:59+00:00","dateModified":"2025-08-05T11:24:49+00:00","breadcrumb":{"@id":"https:\/\/valentindinges.de\/agb\/#breadcrumb"},"inLanguage":"en-US","potentialAction":[{"@type":"ReadAction","target":["https:\/\/valentindinges.de\/agb\/"]}]},{"@type":"BreadcrumbList","@id":"https:\/\/valentindinges.de\/agb\/#breadcrumb","itemListElement":[{"@type":"ListItem","position":1,"name":"Startseite","item":"https:\/\/valentindinges.de\/"},{"@type":"ListItem","position":2,"name":"AGB"}]},{"@type":"WebSite","@id":"https:\/\/valentindinges.de\/#website","url":"https:\/\/valentindinges.de\/","name":"Valentin Dinges | Innere-Kind-Arbeit","description":"Inneres Kind Coaching in Aachen &amp; Online","publisher":{"@id":"https:\/\/valentindinges.de\/#\/schema\/person\/5fb03f208ed5b78cd6109de54fe8505f"},"alternateName":"Inneres Kind Coaching Aachen & Online","potentialAction":[{"@type":"SearchAction","target":{"@type":"EntryPoint","urlTemplate":"https:\/\/valentindinges.de\/?s={search_term_string}"},"query-input":"required name=search_term_string"}],"inLanguage":"en-US"},{"@type":["Person","Organization"],"@id":"https:\/\/valentindinges.de\/#\/schema\/person\/5fb03f208ed5b78cd6109de54fe8505f","name":"Valentin Dinges","image":{"@type":"ImageObject","inLanguage":"en-US","@id":"https:\/\/valentindinges.de\/#\/schema\/person\/image\/","url":"https:\/\/valentindinges.de\/wp-content\/uploads\/2025\/01\/LOGO-VALENTIN-DINGES-500-x-500-px.svg","contentUrl":"https:\/\/valentindinges.de\/wp-content\/uploads\/2025\/01\/LOGO-VALENTIN-DINGES-500-x-500-px.svg","width":375,"height":374,"caption":"Valentin Dinges"},"logo":{"@id":"https:\/\/valentindinges.de\/#\/schema\/person\/image\/"},"sameAs":["http:\/\/valentindinges.de"]}]}},"_links":{"self":[{"href":"https:\/\/valentindinges.de\/en\/wp-json\/wp\/v2\/pages\/2327","targetHints":{"allow":["GET"]}}],"collection":[{"href":"https:\/\/valentindinges.de\/en\/wp-json\/wp\/v2\/pages"}],"about":[{"href":"https:\/\/valentindinges.de\/en\/wp-json\/wp\/v2\/types\/page"}],"author":[{"embeddable":true,"href":"https:\/\/valentindinges.de\/en\/wp-json\/wp\/v2\/users\/1"}],"replies":[{"embeddable":true,"href":"https:\/\/valentindinges.de\/en\/wp-json\/wp\/v2\/comments?post=2327"}],"version-history":[{"count":5,"href":"https:\/\/valentindinges.de\/en\/wp-json\/wp\/v2\/pages\/2327\/revisions"}],"predecessor-version":[{"id":2344,"href":"https:\/\/valentindinges.de\/en\/wp-json\/wp\/v2\/pages\/2327\/revisions\/2344"}],"wp:attachment":[{"href":"https:\/\/valentindinges.de\/en\/wp-json\/wp\/v2\/media?parent=2327"}],"curies":[{"name":"wp","href":"https:\/\/api.w.org\/{rel}","templated":true}]}}