{"id":1329,"date":"2024-09-03T18:26:12","date_gmt":"2024-09-03T16:26:12","guid":{"rendered":"https:\/\/valentindinges.de\/?page_id=1329"},"modified":"2024-11-28T17:47:08","modified_gmt":"2024-11-28T16:47:08","slug":"impressum","status":"publish","type":"page","link":"https:\/\/valentindinges.de\/en\/impressum\/","title":{"rendered":"Imprint"},"content":{"rendered":"<div data-elementor-type=\"wp-page\" data-elementor-id=\"1329\" class=\"elementor elementor-1329\" data-elementor-post-type=\"page\">\n\t\t\t\t<div data-particle_enable=\"false\" data-particle-mobile-disabled=\"false\" class=\"elementor-element elementor-element-448e0353 e-flex e-con-boxed e-con e-parent\" data-id=\"448e0353\" data-element_type=\"container\" data-settings=\"{&quot;background_background&quot;:&quot;classic&quot;}\">\n\t\t\t\t\t<div class=\"e-con-inner\">\n\t\t\t\t<div class=\"elementor-element elementor-element-5fe7744a elementor-widget elementor-widget-spacer\" data-id=\"5fe7744a\" data-element_type=\"widget\" data-widget_type=\"spacer.default\">\n\t\t\t\t<div class=\"elementor-widget-container\">\n\t\t\t\t\t\t\t<div class=\"elementor-spacer\">\n\t\t\t<div class=\"elementor-spacer-inner\"><\/div>\n\t\t<\/div>\n\t\t\t\t\t\t<\/div>\n\t\t\t\t<\/div>\n\t\t\t\t<div class=\"elementor-element elementor-element-526b5e21 elementor-widget elementor-widget-heading\" data-id=\"526b5e21\" data-element_type=\"widget\" data-widget_type=\"heading.default\">\n\t\t\t\t<div class=\"elementor-widget-container\">\n\t\t\t\t\t<h1 class=\"elementor-heading-title elementor-size-default\">Imprint<\/h1>\t\t\t\t<\/div>\n\t\t\t\t<\/div>\n\t\t\t\t<div class=\"elementor-element elementor-element-44244992 elementor-widget elementor-widget-spacer\" data-id=\"44244992\" data-element_type=\"widget\" data-widget_type=\"spacer.default\">\n\t\t\t\t<div class=\"elementor-widget-container\">\n\t\t\t\t\t\t\t<div class=\"elementor-spacer\">\n\t\t\t<div class=\"elementor-spacer-inner\"><\/div>\n\t\t<\/div>\n\t\t\t\t\t\t<\/div>\n\t\t\t\t<\/div>\n\t\t\t\t\t<\/div>\n\t\t\t\t<\/div>\n\t\t<div data-particle_enable=\"false\" data-particle-mobile-disabled=\"false\" class=\"elementor-element elementor-element-2754255 e-flex e-con-boxed e-con e-parent\" data-id=\"2754255\" data-element_type=\"container\" data-settings=\"{&quot;background_background&quot;:&quot;classic&quot;}\">\n\t\t\t\t\t<div class=\"e-con-inner\">\n\t\t\t\t<div class=\"elementor-element elementor-element-40e2341 elementor-widget elementor-widget-spacer\" data-id=\"40e2341\" data-element_type=\"widget\" data-widget_type=\"spacer.default\">\n\t\t\t\t<div class=\"elementor-widget-container\">\n\t\t\t\t\t\t\t<div class=\"elementor-spacer\">\n\t\t\t<div class=\"elementor-spacer-inner\"><\/div>\n\t\t<\/div>\n\t\t\t\t\t\t<\/div>\n\t\t\t\t<\/div>\n\t\t\t\t<div class=\"elementor-element elementor-element-7267f8f elementor-widget__width-initial elementor-widget elementor-widget-text-editor\" data-id=\"7267f8f\" data-element_type=\"widget\" data-widget_type=\"text-editor.default\">\n\t\t\t\t<div class=\"elementor-widget-container\">\n\t\t\t\t\t\t\t\t\t<p>Information according to \u00a7 5 TMG<\/p><p>Valentin Dinges, Matthiashofstr. 19-21, 52064 Aachen<\/p><p>Contact us<\/p><p>E-mail: contact \u00c4T valentindinges PUNKT de<\/p><p>Phone: 01520 \/ Sixty-five Eighty-eight Nine hundred and forty-eight<\/p><p>Editorially responsible<\/p><p>Valentin Dinges, Matthiashofstr. 19-21, 52064 Aachen<\/p><p>Consumer dispute resolution\/universal arbitration board<\/p><p>We are not obliged to participate in dispute resolution proceedings before a consumer arbitration board.<\/p><p>Liability for content<\/p><p>As a service provider, we are responsible for our own content on these pages in accordance with Section 7 (1) TMG (German Telemedia Act) and general legislation. According to \u00a7\u00a7 8 to 10 TMG, however, we as a service provider are not obliged to monitor transmitted or stored third-party information or to investigate circumstances that indicate illegal activity. Obligations to remove or block the use of information in accordance with general legislation remain unaffected by this. However, liability in this respect is only possible from the time of knowledge of a specific infringement. As soon as we become aware of such infringements, we will remove this content immediately.<\/p><p>Liability for links<\/p><p>Our website contains links to external third-party websites over whose content we have no influence. Therefore, we cannot accept any liability for this third-party content. The respective provider or operator of the pages is always responsible for the content of the linked pages. The linked pages were checked for possible legal violations at the time of linking. Illegal content was not recognizable at the time of linking. However, permanent monitoring of the content of the linked pages is not reasonable without concrete evidence of an infringement. If we become aware of any legal infringements, we will remove such links immediately.<\/p>\t\t\t\t\t\t\t\t<\/div>\n\t\t\t\t<\/div>\n\t\t\t\t<div class=\"elementor-element elementor-element-1bee840 elementor-widget elementor-widget-spacer\" data-id=\"1bee840\" data-element_type=\"widget\" data-widget_type=\"spacer.default\">\n\t\t\t\t<div class=\"elementor-widget-container\">\n\t\t\t\t\t\t\t<div class=\"elementor-spacer\">\n\t\t\t<div class=\"elementor-spacer-inner\"><\/div>\n\t\t<\/div>\n\t\t\t\t\t\t<\/div>\n\t\t\t\t<\/div>\n\t\t\t\t\t<\/div>\n\t\t\t\t<\/div>\n\t\t\t\t<\/div>","protected":false},"excerpt":{"rendered":"<p>Imprint Information according to \u00a7 5 TMG Valentin Dinges, Matthiashofstr. 19-21, 52064 Aachen Contact E-Mail: kontakt \u00c4T valentindinges PUNKT de Telefon: 01520 \/ F\u00fcnfundsechzig Achtundachtzig Neunhundertachtundvierzig Editorially responsible Valentin Dinges, Matthiashofstr. 19-21, 52064 Aachen Consumer dispute resolution\/Universal arbitration board We are not obliged to participate in dispute resolution proceedings before a consumer arbitration board. Liability for content As a service provider, we are liable pursuant to Section 7 (1) [...]<\/p>","protected":false},"author":1,"featured_media":0,"parent":0,"menu_order":0,"comment_status":"closed","ping_status":"closed","template":"","meta":{"footnotes":""},"class_list":["post-1329","page","type-page","status-publish","hentry"],"yoast_head":"<!-- This site is optimized with the Yoast SEO Premium plugin v23.3 (Yoast SEO v23.3) - https:\/\/yoast.com\/wordpress\/plugins\/seo\/ -->\n<title>Impressum - Valentin Dinges<\/title>\n<meta name=\"robots\" content=\"index, follow, max-snippet:-1, max-image-preview:large, max-video-preview:-1\" \/>\n<link rel=\"canonical\" href=\"https:\/\/valentindinges.de\/en\/impressum\/\" \/>\n<meta property=\"og:locale\" content=\"en_US\" \/>\n<meta property=\"og:type\" content=\"article\" \/>\n<meta property=\"og:title\" content=\"Impressum\" \/>\n<meta property=\"og:description\" content=\"Impressum Angaben nach \u00a7 5 TMG Valentin Dinges, Matthiashofstr. 19-21, 52064 Aachen Kontakt E-Mail: kontakt \u00c4T valentindinges PUNKT de Telefon: 01520 \/ F\u00fcnfundsechzig Achtundachtzig Neunhundertachtundvierzig Redaktionell verantwortlich Valentin Dinges, Matthiashofstr. 19-21, 52064 Aachen Verbraucherstreitbeilegung\/Universalschlichtungsstelle Wir sind nicht verpflichtet, an Streitbeilegungsverfahren vor einer Verbraucherschlichtungsstelle teilzunehmen. Haftung f\u00fcr Inhalte Als Diensteanbieter sind wir gem\u00e4\u00df \u00a7 7 Abs.1 [&hellip;]\" \/>\n<meta property=\"og:url\" content=\"https:\/\/valentindinges.de\/en\/impressum\/\" \/>\n<meta property=\"og:site_name\" content=\"Valentin Dinges\" \/>\n<meta property=\"article:modified_time\" content=\"2024-11-28T16:47:08+00:00\" \/>\n<meta property=\"og:image\" content=\"https:\/\/valentindinges.de\/wp-content\/uploads\/2024\/09\/geborgenheit-1.png\" \/>\n\t<meta property=\"og:image:width\" content=\"758\" \/>\n\t<meta property=\"og:image:height\" content=\"700\" \/>\n\t<meta property=\"og:image:type\" content=\"image\/png\" \/>\n<meta name=\"twitter:card\" content=\"summary_large_image\" \/>\n<meta name=\"twitter:label1\" content=\"Est. reading time\" \/>\n\t<meta name=\"twitter:data1\" content=\"2 minutes\" \/>\n<script type=\"application\/ld+json\" class=\"yoast-schema-graph\">{\"@context\":\"https:\/\/schema.org\",\"@graph\":[{\"@type\":\"WebPage\",\"@id\":\"https:\/\/valentindinges.de\/impressum\/\",\"url\":\"https:\/\/valentindinges.de\/impressum\/\",\"name\":\"Impressum - Valentin Dinges\",\"isPartOf\":{\"@id\":\"https:\/\/valentindinges.de\/#website\"},\"datePublished\":\"2024-09-03T16:26:12+00:00\",\"dateModified\":\"2024-11-28T16:47:08+00:00\",\"breadcrumb\":{\"@id\":\"https:\/\/valentindinges.de\/impressum\/#breadcrumb\"},\"inLanguage\":\"en-US\",\"potentialAction\":[{\"@type\":\"ReadAction\",\"target\":[\"https:\/\/valentindinges.de\/impressum\/\"]}]},{\"@type\":\"BreadcrumbList\",\"@id\":\"https:\/\/valentindinges.de\/impressum\/#breadcrumb\",\"itemListElement\":[{\"@type\":\"ListItem\",\"position\":1,\"name\":\"Startseite\",\"item\":\"https:\/\/valentindinges.de\/\"},{\"@type\":\"ListItem\",\"position\":2,\"name\":\"Impressum\"}]},{\"@type\":\"WebSite\",\"@id\":\"https:\/\/valentindinges.de\/#website\",\"url\":\"https:\/\/valentindinges.de\/\",\"name\":\"Valentin Dinges | Innere-Kind-Arbeit\",\"description\":\"Inneres Kind Coaching in Aachen &amp; Online\",\"publisher\":{\"@id\":\"https:\/\/valentindinges.de\/#\/schema\/person\/5fb03f208ed5b78cd6109de54fe8505f\"},\"alternateName\":\"Inneres Kind Coaching Aachen & Online\",\"potentialAction\":[{\"@type\":\"SearchAction\",\"target\":{\"@type\":\"EntryPoint\",\"urlTemplate\":\"https:\/\/valentindinges.de\/?s={search_term_string}\"},\"query-input\":\"required name=search_term_string\"}],\"inLanguage\":\"en-US\"},{\"@type\":[\"Person\",\"Organization\"],\"@id\":\"https:\/\/valentindinges.de\/#\/schema\/person\/5fb03f208ed5b78cd6109de54fe8505f\",\"name\":\"Valentin Dinges\",\"image\":{\"@type\":\"ImageObject\",\"inLanguage\":\"en-US\",\"@id\":\"https:\/\/valentindinges.de\/#\/schema\/person\/image\/\",\"url\":\"https:\/\/valentindinges.de\/wp-content\/uploads\/2025\/01\/LOGO-VALENTIN-DINGES-500-x-500-px.svg\",\"contentUrl\":\"https:\/\/valentindinges.de\/wp-content\/uploads\/2025\/01\/LOGO-VALENTIN-DINGES-500-x-500-px.svg\",\"width\":375,\"height\":374,\"caption\":\"Valentin Dinges\"},\"logo\":{\"@id\":\"https:\/\/valentindinges.de\/#\/schema\/person\/image\/\"},\"sameAs\":[\"http:\/\/valentindinges.de\"]}]}<\/script>\n<!-- \/ Yoast SEO Premium plugin. -->","yoast_head_json":{"title":"Impressum - Valentin Dinges","robots":{"index":"index","follow":"follow","max-snippet":"max-snippet:-1","max-image-preview":"max-image-preview:large","max-video-preview":"max-video-preview:-1"},"canonical":"https:\/\/valentindinges.de\/en\/impressum\/","og_locale":"en_US","og_type":"article","og_title":"Impressum","og_description":"Impressum Angaben nach \u00a7 5 TMG Valentin Dinges, Matthiashofstr. 19-21, 52064 Aachen Kontakt E-Mail: kontakt \u00c4T valentindinges PUNKT de Telefon: 01520 \/ F\u00fcnfundsechzig Achtundachtzig Neunhundertachtundvierzig Redaktionell verantwortlich Valentin Dinges, Matthiashofstr. 19-21, 52064 Aachen Verbraucherstreitbeilegung\/Universalschlichtungsstelle Wir sind nicht verpflichtet, an Streitbeilegungsverfahren vor einer Verbraucherschlichtungsstelle teilzunehmen. Haftung f\u00fcr Inhalte Als Diensteanbieter sind wir gem\u00e4\u00df \u00a7 7 Abs.1 [&hellip;]","og_url":"https:\/\/valentindinges.de\/en\/impressum\/","og_site_name":"Valentin Dinges","article_modified_time":"2024-11-28T16:47:08+00:00","og_image":[{"width":758,"height":700,"url":"https:\/\/valentindinges.de\/wp-content\/uploads\/2024\/09\/geborgenheit-1.png","type":"image\/png"}],"twitter_card":"summary_large_image","twitter_misc":{"Est. reading time":"2 minutes"},"schema":{"@context":"https:\/\/schema.org","@graph":[{"@type":"WebPage","@id":"https:\/\/valentindinges.de\/impressum\/","url":"https:\/\/valentindinges.de\/impressum\/","name":"Impressum - Valentin Dinges","isPartOf":{"@id":"https:\/\/valentindinges.de\/#website"},"datePublished":"2024-09-03T16:26:12+00:00","dateModified":"2024-11-28T16:47:08+00:00","breadcrumb":{"@id":"https:\/\/valentindinges.de\/impressum\/#breadcrumb"},"inLanguage":"en-US","potentialAction":[{"@type":"ReadAction","target":["https:\/\/valentindinges.de\/impressum\/"]}]},{"@type":"BreadcrumbList","@id":"https:\/\/valentindinges.de\/impressum\/#breadcrumb","itemListElement":[{"@type":"ListItem","position":1,"name":"Startseite","item":"https:\/\/valentindinges.de\/"},{"@type":"ListItem","position":2,"name":"Impressum"}]},{"@type":"WebSite","@id":"https:\/\/valentindinges.de\/#website","url":"https:\/\/valentindinges.de\/","name":"Valentin Dinges | Innere-Kind-Arbeit","description":"Inneres Kind Coaching in Aachen &amp; Online","publisher":{"@id":"https:\/\/valentindinges.de\/#\/schema\/person\/5fb03f208ed5b78cd6109de54fe8505f"},"alternateName":"Inneres Kind Coaching Aachen & Online","potentialAction":[{"@type":"SearchAction","target":{"@type":"EntryPoint","urlTemplate":"https:\/\/valentindinges.de\/?s={search_term_string}"},"query-input":"required name=search_term_string"}],"inLanguage":"en-US"},{"@type":["Person","Organization"],"@id":"https:\/\/valentindinges.de\/#\/schema\/person\/5fb03f208ed5b78cd6109de54fe8505f","name":"Valentin Dinges","image":{"@type":"ImageObject","inLanguage":"en-US","@id":"https:\/\/valentindinges.de\/#\/schema\/person\/image\/","url":"https:\/\/valentindinges.de\/wp-content\/uploads\/2025\/01\/LOGO-VALENTIN-DINGES-500-x-500-px.svg","contentUrl":"https:\/\/valentindinges.de\/wp-content\/uploads\/2025\/01\/LOGO-VALENTIN-DINGES-500-x-500-px.svg","width":375,"height":374,"caption":"Valentin Dinges"},"logo":{"@id":"https:\/\/valentindinges.de\/#\/schema\/person\/image\/"},"sameAs":["http:\/\/valentindinges.de"]}]}},"_links":{"self":[{"href":"https:\/\/valentindinges.de\/en\/wp-json\/wp\/v2\/pages\/1329","targetHints":{"allow":["GET"]}}],"collection":[{"href":"https:\/\/valentindinges.de\/en\/wp-json\/wp\/v2\/pages"}],"about":[{"href":"https:\/\/valentindinges.de\/en\/wp-json\/wp\/v2\/types\/page"}],"author":[{"embeddable":true,"href":"https:\/\/valentindinges.de\/en\/wp-json\/wp\/v2\/users\/1"}],"replies":[{"embeddable":true,"href":"https:\/\/valentindinges.de\/en\/wp-json\/wp\/v2\/comments?post=1329"}],"version-history":[{"count":0,"href":"https:\/\/valentindinges.de\/en\/wp-json\/wp\/v2\/pages\/1329\/revisions"}],"wp:attachment":[{"href":"https:\/\/valentindinges.de\/en\/wp-json\/wp\/v2\/media?parent=1329"}],"curies":[{"name":"wp","href":"https:\/\/api.w.org\/{rel}","templated":true}]}}